{"id":6073,"date":"2023-12-17T21:50:24","date_gmt":"2023-12-17T18:50:24","guid":{"rendered":"https:\/\/dceturkiye.eba.gov.tr\/?page_id=6073"},"modified":"2023-12-17T22:00:47","modified_gmt":"2023-12-17T19:00:47","slug":"basinda-dijital-vatandaslik-egitimi","status":"publish","type":"page","link":"https:\/\/dceturkiye.eba.gov.tr\/?page_id=6073","title":{"rendered":"BASINDA D\u0130J\u0130TAL VATANDA\u015eLIK E\u011e\u0130T\u0130M\u0130"},"content":{"rendered":"\t\t<div data-elementor-type=\"wp-page\" data-elementor-id=\"6073\" class=\"elementor elementor-6073\">\n\t\t\t\t\t\t<section class=\"elementor-section elementor-top-section elementor-element elementor-element-1b0eeda elementor-section-boxed elementor-section-height-default elementor-section-height-default\" data-id=\"1b0eeda\" data-element_type=\"section\">\n\t\t\t\t\t\t<div class=\"elementor-container elementor-column-gap-default\">\n\t\t\t\t\t<div class=\"elementor-column elementor-col-100 elementor-top-column elementor-element elementor-element-bf80318\" data-id=\"bf80318\" data-element_type=\"column\">\n\t\t\t<div class=\"elementor-widget-wrap elementor-element-populated\">\n\t\t\t\t\t\t<div class=\"elementor-element elementor-element-8afd980 elementor-widget-divider--view-line elementor-widget elementor-widget-divider\" data-id=\"8afd980\" data-element_type=\"widget\" data-widget_type=\"divider.default\">\n\t\t\t\t<div class=\"elementor-widget-container\">\n\t\t\t\t\t\t\t<div class=\"elementor-divider\">\n\t\t\t<span class=\"elementor-divider-separator\">\n\t\t\t\t\t\t<\/span>\n\t\t<\/div>\n\t\t\t\t\t\t<\/div>\n\t\t\t\t<\/div>\n\t\t\t\t<div class=\"elementor-element elementor-element-858ad8a elementor-widget elementor-widget-heading\" data-id=\"858ad8a\" data-element_type=\"widget\" data-widget_type=\"heading.default\">\n\t\t\t\t<div class=\"elementor-widget-container\">\n\t\t\t\t\t<h2 class=\"elementor-heading-title elementor-size-default\">BASINDA D\u0130J\u0130TAL VATANDA\u015eLIK E\u011e\u0130T\u0130M\u0130 PROJES\u0130<\/h2>\t\t\t\t<\/div>\n\t\t\t\t<\/div>\n\t\t\t\t<div class=\"elementor-element elementor-element-7bb2bbf elementor-widget-divider--view-line elementor-widget elementor-widget-divider\" data-id=\"7bb2bbf\" data-element_type=\"widget\" data-widget_type=\"divider.default\">\n\t\t\t\t<div class=\"elementor-widget-container\">\n\t\t\t\t\t\t\t<div class=\"elementor-divider\">\n\t\t\t<span class=\"elementor-divider-separator\">\n\t\t\t\t\t\t<\/span>\n\t\t<\/div>\n\t\t\t\t\t\t<\/div>\n\t\t\t\t<\/div>\n\t\t\t\t<div class=\"elementor-element elementor-element-a0505e8 elementor-widget elementor-widget-heading\" data-id=\"a0505e8\" data-element_type=\"widget\" data-widget_type=\"heading.default\">\n\t\t\t\t<div class=\"elementor-widget-container\">\n\t\t\t\t\t<h3 class=\"elementor-heading-title elementor-size-default\"><a href=\"https:\/\/dumlupinargazetesi.com\/haber\/18044409\/kutahya-bilsemden-ulkede-bir-ilk-thinkathon-etkinligi\" target=\"_blank\">K\u00fctahya B\u0130LSEM'den \u00fclkede bir ilk.. 'Thinkathon' etkinli\u011fi<\/a><\/h3>\t\t\t\t<\/div>\n\t\t\t\t<\/div>\n\t\t\t\t<div class=\"elementor-element elementor-element-5c2e94f elementor-widget elementor-widget-heading\" data-id=\"5c2e94f\" data-element_type=\"widget\" data-widget_type=\"heading.default\">\n\t\t\t\t<div class=\"elementor-widget-container\">\n\t\t\t\t\t<h3 class=\"elementor-heading-title elementor-size-default\"><a href=\"https:\/\/www.salihlisektorgazetesi.com\/salihlide-dijital-dunya-ve-saglik-problemleri-egitimi-duzenlendi\" target=\"_blank\">Salihli\u2019de \u201cDijital D\u00fcnya ve Sa\u011fl\u0131k Problemleri\u201d e\u011fitimi d\u00fczenlendi.<\/a><\/h3>\t\t\t\t<\/div>\n\t\t\t\t<\/div>\n\t\t\t\t\t<\/div>\n\t\t<\/div>\n\t\t\t\t\t<\/div>\n\t\t<\/section>\n\t\t\t\t<\/div>\n\t\t","protected":false},"excerpt":{"rendered":"<p>BASINDA D\u0130J\u0130TAL VATANDA\u015eLIK E\u011e\u0130T\u0130M\u0130 PROJES\u0130 K\u00fctahya B\u0130LSEM&#8217;den \u00fclkede bir ilk.. &#8216;Thinkathon&#8217; etkinli\u011fi Salihli\u2019de \u201cDijital D\u00fcnya ve Sa\u011fl\u0131k Problemleri\u201d e\u011fitimi d\u00fczenlendi.<\/p>\n","protected":false},"author":1,"featured_media":0,"parent":0,"menu_order":0,"comment_status":"closed","ping_status":"closed","template":"","meta":{"footnotes":""},"_links":{"self":[{"href":"https:\/\/dceturkiye.eba.gov.tr\/index.php?rest_route=\/wp\/v2\/pages\/6073"}],"collection":[{"href":"https:\/\/dceturkiye.eba.gov.tr\/index.php?rest_route=\/wp\/v2\/pages"}],"about":[{"href":"https:\/\/dceturkiye.eba.gov.tr\/index.php?rest_route=\/wp\/v2\/types\/page"}],"author":[{"embeddable":true,"href":"https:\/\/dceturkiye.eba.gov.tr\/index.php?rest_route=\/wp\/v2\/users\/1"}],"replies":[{"embeddable":true,"href":"https:\/\/dceturkiye.eba.gov.tr\/index.php?rest_route=%2Fwp%2Fv2%2Fcomments&post=6073"}],"version-history":[{"count":7,"href":"https:\/\/dceturkiye.eba.gov.tr\/index.php?rest_route=\/wp\/v2\/pages\/6073\/revisions"}],"predecessor-version":[{"id":6080,"href":"https:\/\/dceturkiye.eba.gov.tr\/index.php?rest_route=\/wp\/v2\/pages\/6073\/revisions\/6080"}],"wp:attachment":[{"href":"https:\/\/dceturkiye.eba.gov.tr\/index.php?rest_route=%2Fwp%2Fv2%2Fmedia&parent=6073"}],"curies":[{"name":"wp","href":"https:\/\/api.w.org\/{rel}","templated":true}]}}