{"id":6557,"date":"2024-10-25T14:29:11","date_gmt":"2024-10-25T11:29:11","guid":{"rendered":"https:\/\/dceturkiye.eba.gov.tr\/?page_id=6557"},"modified":"2024-10-25T14:34:57","modified_gmt":"2024-10-25T11:34:57","slug":"sanal-gezginler-egitici-rehberi","status":"publish","type":"page","link":"https:\/\/dceturkiye.eba.gov.tr\/?page_id=6557","title":{"rendered":"SANAL GEZG\u0130NLER E\u011e\u0130T\u0130C\u0130 REHBER\u0130"},"content":{"rendered":"\t\t<div data-elementor-type=\"wp-page\" data-elementor-id=\"6557\" class=\"elementor elementor-6557\">\n\t\t\t\t\t\t<section class=\"elementor-section elementor-top-section elementor-element elementor-element-b571ef9 elementor-section-boxed elementor-section-height-default elementor-section-height-default\" data-id=\"b571ef9\" data-element_type=\"section\">\n\t\t\t\t\t\t<div class=\"elementor-container elementor-column-gap-default\">\n\t\t\t\t\t<div class=\"elementor-column elementor-col-100 elementor-top-column elementor-element elementor-element-ed3477e\" data-id=\"ed3477e\" data-element_type=\"column\">\n\t\t\t<div class=\"elementor-widget-wrap elementor-element-populated\">\n\t\t\t\t\t\t<div class=\"elementor-element elementor-element-10cf973 elementor-button-info elementor-widget elementor-widget-button\" data-id=\"10cf973\" data-element_type=\"widget\" data-widget_type=\"button.default\">\n\t\t\t\t<div class=\"elementor-widget-container\">\n\t\t\t\t\t\t\t\t\t<div class=\"elementor-button-wrapper\">\n\t\t\t\t\t<a class=\"elementor-button elementor-button-link elementor-size-sm\" href=\"https:\/\/dceturkiye.eba.gov.tr\/wp-content\/uploads\/2024\/10\/Digi-Nauts-Teachers-guide-ENG-1.pdf.pdf\">\n\t\t\t\t\t\t<span class=\"elementor-button-content-wrapper\">\n\t\t\t\t\t\t\t\t\t<span class=\"elementor-button-text\">SANAL GEZG\u0130NLER E\u011e\u0130T\u0130C\u0130 REHBER\u0130<\/span>\n\t\t\t\t\t<\/span>\n\t\t\t\t\t<\/a>\n\t\t\t\t<\/div>\n\t\t\t\t\t\t\t\t<\/div>\n\t\t\t\t<\/div>\n\t\t\t\t\t<\/div>\n\t\t<\/div>\n\t\t\t\t\t<\/div>\n\t\t<\/section>\n\t\t\t\t<\/div>\n\t\t","protected":false},"excerpt":{"rendered":"<p>SANAL GEZG\u0130NLER E\u011e\u0130T\u0130C\u0130 REHBER\u0130<\/p>\n","protected":false},"author":1,"featured_media":0,"parent":0,"menu_order":0,"comment_status":"closed","ping_status":"closed","template":"","meta":{"footnotes":""},"_links":{"self":[{"href":"https:\/\/dceturkiye.eba.gov.tr\/index.php?rest_route=\/wp\/v2\/pages\/6557"}],"collection":[{"href":"https:\/\/dceturkiye.eba.gov.tr\/index.php?rest_route=\/wp\/v2\/pages"}],"about":[{"href":"https:\/\/dceturkiye.eba.gov.tr\/index.php?rest_route=\/wp\/v2\/types\/page"}],"author":[{"embeddable":true,"href":"https:\/\/dceturkiye.eba.gov.tr\/index.php?rest_route=\/wp\/v2\/users\/1"}],"replies":[{"embeddable":true,"href":"https:\/\/dceturkiye.eba.gov.tr\/index.php?rest_route=%2Fwp%2Fv2%2Fcomments&post=6557"}],"version-history":[{"count":7,"href":"https:\/\/dceturkiye.eba.gov.tr\/index.php?rest_route=\/wp\/v2\/pages\/6557\/revisions"}],"predecessor-version":[{"id":6569,"href":"https:\/\/dceturkiye.eba.gov.tr\/index.php?rest_route=\/wp\/v2\/pages\/6557\/revisions\/6569"}],"wp:attachment":[{"href":"https:\/\/dceturkiye.eba.gov.tr\/index.php?rest_route=%2Fwp%2Fv2%2Fmedia&parent=6557"}],"curies":[{"name":"wp","href":"https:\/\/api.w.org\/{rel}","templated":true}]}}