{"id":6867,"date":"2025-03-05T22:26:41","date_gmt":"2025-03-05T19:26:41","guid":{"rendered":"https:\/\/dceturkiye.eba.gov.tr\/?page_id=6867"},"modified":"2025-03-24T20:56:18","modified_gmt":"2025-03-24T17:56:18","slug":"2025-dijital-vatandaslik-egitimi-yili-bilgilendirme-videosu","status":"publish","type":"page","link":"https:\/\/dceturkiye.eba.gov.tr\/?page_id=6867","title":{"rendered":"2025 D\u0130J\u0130TAL VATANDA\u015eLIK E\u011e\u0130T\u0130M\u0130 YILI B\u0130LG\u0130LEND\u0130RME V\u0130DEOSU"},"content":{"rendered":"\t\t<div data-elementor-type=\"wp-page\" data-elementor-id=\"6867\" class=\"elementor elementor-6867\">\n\t\t\t\t\t\t<section class=\"elementor-section elementor-top-section elementor-element elementor-element-a5db3ec elementor-section-boxed elementor-section-height-default elementor-section-height-default\" data-id=\"a5db3ec\" data-element_type=\"section\">\n\t\t\t\t\t\t<div class=\"elementor-container elementor-column-gap-default\">\n\t\t\t\t\t<div class=\"elementor-column elementor-col-100 elementor-top-column elementor-element elementor-element-88338b1\" data-id=\"88338b1\" data-element_type=\"column\">\n\t\t\t<div class=\"elementor-widget-wrap elementor-element-populated\">\n\t\t\t\t\t\t<div class=\"elementor-element elementor-element-941fadb elementor-widget elementor-widget-button\" data-id=\"941fadb\" data-element_type=\"widget\" data-widget_type=\"button.default\">\n\t\t\t\t<div class=\"elementor-widget-container\">\n\t\t\t\t\t\t\t\t\t<div class=\"elementor-button-wrapper\">\n\t\t\t\t\t<a class=\"elementor-button elementor-button-link elementor-size-sm\" href=\"https:\/\/dceturkiye.eba.gov.tr\/wp-content\/uploads\/2025\/03\/videoplayback.mp4\">\n\t\t\t\t\t\t<span class=\"elementor-button-content-wrapper\">\n\t\t\t\t\t\t\t\t\t<span class=\"elementor-button-text\">2025 D\u0130J\u0130TAL VATANDA\u015eLIK E\u011e\u0130T\u0130M\u0130 YILI B\u0130LG\u0130LEND\u0130RME V\u0130DEOSU<\/span>\n\t\t\t\t\t<\/span>\n\t\t\t\t\t<\/a>\n\t\t\t\t<\/div>\n\t\t\t\t\t\t\t\t<\/div>\n\t\t\t\t<\/div>\n\t\t\t\t\t<\/div>\n\t\t<\/div>\n\t\t\t\t\t<\/div>\n\t\t<\/section>\n\t\t\t\t<\/div>\n\t\t","protected":false},"excerpt":{"rendered":"<p>2025 D\u0130J\u0130TAL VATANDA\u015eLIK E\u011e\u0130T\u0130M\u0130 YILI B\u0130LG\u0130LEND\u0130RME V\u0130DEOSU<\/p>\n","protected":false},"author":1,"featured_media":6946,"parent":0,"menu_order":0,"comment_status":"closed","ping_status":"closed","template":"","meta":{"footnotes":""},"_links":{"self":[{"href":"https:\/\/dceturkiye.eba.gov.tr\/index.php?rest_route=\/wp\/v2\/pages\/6867"}],"collection":[{"href":"https:\/\/dceturkiye.eba.gov.tr\/index.php?rest_route=\/wp\/v2\/pages"}],"about":[{"href":"https:\/\/dceturkiye.eba.gov.tr\/index.php?rest_route=\/wp\/v2\/types\/page"}],"author":[{"embeddable":true,"href":"https:\/\/dceturkiye.eba.gov.tr\/index.php?rest_route=\/wp\/v2\/users\/1"}],"replies":[{"embeddable":true,"href":"https:\/\/dceturkiye.eba.gov.tr\/index.php?rest_route=%2Fwp%2Fv2%2Fcomments&post=6867"}],"version-history":[{"count":16,"href":"https:\/\/dceturkiye.eba.gov.tr\/index.php?rest_route=\/wp\/v2\/pages\/6867\/revisions"}],"predecessor-version":[{"id":6890,"href":"https:\/\/dceturkiye.eba.gov.tr\/index.php?rest_route=\/wp\/v2\/pages\/6867\/revisions\/6890"}],"wp:featuredmedia":[{"embeddable":true,"href":"https:\/\/dceturkiye.eba.gov.tr\/index.php?rest_route=\/wp\/v2\/media\/6946"}],"wp:attachment":[{"href":"https:\/\/dceturkiye.eba.gov.tr\/index.php?rest_route=%2Fwp%2Fv2%2Fmedia&parent=6867"}],"curies":[{"name":"wp","href":"https:\/\/api.w.org\/{rel}","templated":true}]}}