{"id":7050,"date":"2025-05-13T14:25:22","date_gmt":"2025-05-13T11:25:22","guid":{"rendered":"https:\/\/dceturkiye.eba.gov.tr\/?page_id=7050"},"modified":"2025-05-31T15:15:46","modified_gmt":"2025-05-31T12:15:46","slug":"dijital-vatandaslik-egitici-egitimi-el-kitabi","status":"publish","type":"page","link":"https:\/\/dceturkiye.eba.gov.tr\/?page_id=7050","title":{"rendered":"D\u0130J\u0130TAL VATANDA\u015eLIK E\u011e\u0130T\u0130C\u0130 E\u011e\u0130T\u0130M\u0130 EL K\u0130TABI"},"content":{"rendered":"\t\t<div data-elementor-type=\"wp-page\" data-elementor-id=\"7050\" class=\"elementor elementor-7050\">\n\t\t\t\t\t\t<section class=\"elementor-section elementor-top-section elementor-element elementor-element-83d522d elementor-section-boxed elementor-section-height-default elementor-section-height-default\" data-id=\"83d522d\" data-element_type=\"section\">\n\t\t\t\t\t\t<div class=\"elementor-container elementor-column-gap-default\">\n\t\t\t\t\t<div class=\"elementor-column elementor-col-100 elementor-top-column elementor-element elementor-element-182bf15\" data-id=\"182bf15\" data-element_type=\"column\">\n\t\t\t<div class=\"elementor-widget-wrap elementor-element-populated\">\n\t\t\t\t\t\t<div class=\"elementor-element elementor-element-a1ce648 elementor-widget elementor-widget-button\" data-id=\"a1ce648\" data-element_type=\"widget\" data-widget_type=\"button.default\">\n\t\t\t\t<div class=\"elementor-widget-container\">\n\t\t\t\t\t\t\t\t\t<div class=\"elementor-button-wrapper\">\n\t\t\t\t\t<a class=\"elementor-button elementor-button-link elementor-size-sm\" href=\"https:\/\/dceturkiye.eba.gov.tr\/wp-content\/uploads\/2025\/05\/Dijital-Vatandaslik-Egitici-Egitimi-El-Kitabi.pdf\">\n\t\t\t\t\t\t<span class=\"elementor-button-content-wrapper\">\n\t\t\t\t\t\t\t\t\t<span class=\"elementor-button-text\">D\u0130J\u0130TAL VATANDA\u015eLIK E\u011e\u0130T\u0130C\u0130 E\u011e\u0130T\u0130M\u0130 EL K\u0130TABI<\/span>\n\t\t\t\t\t<\/span>\n\t\t\t\t\t<\/a>\n\t\t\t\t<\/div>\n\t\t\t\t\t\t\t\t<\/div>\n\t\t\t\t<\/div>\n\t\t\t\t<div class=\"elementor-element elementor-element-8f82d81 elementor-widget elementor-widget-button\" data-id=\"8f82d81\" data-element_type=\"widget\" data-widget_type=\"button.default\">\n\t\t\t\t<div class=\"elementor-widget-container\">\n\t\t\t\t\t\t\t\t\t<div class=\"elementor-button-wrapper\">\n\t\t\t\t\t<a class=\"elementor-button elementor-button-link elementor-size-sm\" href=\"https:\/\/dceturkiye.eba.gov.tr\/wp-content\/uploads\/2025\/05\/Digital-Citizenship-Teacher-Training.pdf\">\n\t\t\t\t\t\t<span class=\"elementor-button-content-wrapper\">\n\t\t\t\t\t\t\t\t\t<span class=\"elementor-button-text\">DIGITAL CITIZENSHIP TEACHER TRAINER'S HANDBOOK<\/span>\n\t\t\t\t\t<\/span>\n\t\t\t\t\t<\/a>\n\t\t\t\t<\/div>\n\t\t\t\t\t\t\t\t<\/div>\n\t\t\t\t<\/div>\n\t\t\t\t\t<\/div>\n\t\t<\/div>\n\t\t\t\t\t<\/div>\n\t\t<\/section>\n\t\t\t\t<\/div>\n\t\t","protected":false},"excerpt":{"rendered":"<p>D\u0130J\u0130TAL VATANDA\u015eLIK E\u011e\u0130T\u0130C\u0130 E\u011e\u0130T\u0130M\u0130 EL K\u0130TABI DIGITAL CITIZENSHIP TEACHER TRAINER&#8217;S HANDBOOK<\/p>\n","protected":false},"author":1,"featured_media":0,"parent":0,"menu_order":0,"comment_status":"closed","ping_status":"closed","template":"","meta":{"footnotes":""},"_links":{"self":[{"href":"https:\/\/dceturkiye.eba.gov.tr\/index.php?rest_route=\/wp\/v2\/pages\/7050"}],"collection":[{"href":"https:\/\/dceturkiye.eba.gov.tr\/index.php?rest_route=\/wp\/v2\/pages"}],"about":[{"href":"https:\/\/dceturkiye.eba.gov.tr\/index.php?rest_route=\/wp\/v2\/types\/page"}],"author":[{"embeddable":true,"href":"https:\/\/dceturkiye.eba.gov.tr\/index.php?rest_route=\/wp\/v2\/users\/1"}],"replies":[{"embeddable":true,"href":"https:\/\/dceturkiye.eba.gov.tr\/index.php?rest_route=%2Fwp%2Fv2%2Fcomments&post=7050"}],"version-history":[{"count":7,"href":"https:\/\/dceturkiye.eba.gov.tr\/index.php?rest_route=\/wp\/v2\/pages\/7050\/revisions"}],"predecessor-version":[{"id":7190,"href":"https:\/\/dceturkiye.eba.gov.tr\/index.php?rest_route=\/wp\/v2\/pages\/7050\/revisions\/7190"}],"wp:attachment":[{"href":"https:\/\/dceturkiye.eba.gov.tr\/index.php?rest_route=%2Fwp%2Fv2%2Fmedia&parent=7050"}],"curies":[{"name":"wp","href":"https:\/\/api.w.org\/{rel}","templated":true}]}}