{"id":8383,"date":"2026-03-02T14:23:47","date_gmt":"2026-03-02T11:23:47","guid":{"rendered":"https:\/\/dceturkiye.eba.gov.tr\/?page_id=8383"},"modified":"2026-04-29T22:07:44","modified_gmt":"2026-04-29T19:07:44","slug":"dve-planlayicisi-2","status":"publish","type":"page","link":"https:\/\/dceturkiye.eba.gov.tr\/?page_id=8383","title":{"rendered":"DVE PLANLAYICISI"},"content":{"rendered":"\t\t<div data-elementor-type=\"wp-page\" data-elementor-id=\"8383\" class=\"elementor elementor-8383\">\n\t\t\t\t\t\t<section class=\"elementor-section elementor-top-section elementor-element elementor-element-228c468 elementor-section-boxed elementor-section-height-default elementor-section-height-default\" data-id=\"228c468\" data-element_type=\"section\">\n\t\t\t\t\t\t<div class=\"elementor-container elementor-column-gap-default\">\n\t\t\t\t\t<div class=\"elementor-column elementor-col-100 elementor-top-column elementor-element elementor-element-9c67905\" data-id=\"9c67905\" data-element_type=\"column\">\n\t\t\t<div class=\"elementor-widget-wrap elementor-element-populated\">\n\t\t\t\t\t\t<div class=\"elementor-element elementor-element-8f06c67 elementor-button-success elementor-widget elementor-widget-button\" data-id=\"8f06c67\" data-element_type=\"widget\" data-widget_type=\"button.default\">\n\t\t\t\t<div class=\"elementor-widget-container\">\n\t\t\t\t\t\t\t\t\t<div class=\"elementor-button-wrapper\">\n\t\t\t\t\t<a class=\"elementor-button elementor-button-link elementor-size-sm\" href=\"https:\/\/dceturkiye.eba.gov.tr\/wp-content\/uploads\/2026\/04\/DCE-Piloting-Interim-Report-1.pdf\">\n\t\t\t\t\t\t<span class=\"elementor-button-content-wrapper\">\n\t\t\t\t\t\t\t\t\t<span class=\"elementor-button-text\">CLICK TO DOWNLOAD DIGITAL CITIZENSHIP EDUCATION PLANNER INTERIM PILOTING REPORT<\/span>\n\t\t\t\t\t<\/span>\n\t\t\t\t\t<\/a>\n\t\t\t\t<\/div>\n\t\t\t\t\t\t\t\t<\/div>\n\t\t\t\t<\/div>\n\t\t\t\t<div class=\"elementor-element elementor-element-1cddeb1 elementor-widget elementor-widget-button\" data-id=\"1cddeb1\" data-element_type=\"widget\" data-widget_type=\"button.default\">\n\t\t\t\t<div class=\"elementor-widget-container\">\n\t\t\t\t\t\t\t\t\t<div class=\"elementor-button-wrapper\">\n\t\t\t\t\t<a class=\"elementor-button elementor-button-link elementor-size-sm\" href=\"https:\/\/dceturkiye.eba.gov.tr\/wp-content\/uploads\/2026\/03\/DVE-Planlayicisi.pdf\">\n\t\t\t\t\t\t<span class=\"elementor-button-content-wrapper\">\n\t\t\t\t\t\t\t\t\t<span class=\"elementor-button-text\">D\u0130J\u0130TAL VATANDA\u015eLIK E\u011e\u0130T\u0130M\u0130 PLANLAYICISINI \u0130ND\u0130RMEK \u0130\u00c7\u0130N TIKLAYINIZ<\/span>\n\t\t\t\t\t<\/span>\n\t\t\t\t\t<\/a>\n\t\t\t\t<\/div>\n\t\t\t\t\t\t\t\t<\/div>\n\t\t\t\t<\/div>\n\t\t\t\t<div class=\"elementor-element elementor-element-c7756cc elementor-widget elementor-widget-button\" data-id=\"c7756cc\" data-element_type=\"widget\" data-widget_type=\"button.default\">\n\t\t\t\t<div class=\"elementor-widget-container\">\n\t\t\t\t\t\t\t\t\t<div class=\"elementor-button-wrapper\">\n\t\t\t\t\t<a class=\"elementor-button elementor-button-link elementor-size-sm\" href=\"https:\/\/dceturkiye.eba.gov.tr\/wp-content\/uploads\/2026\/03\/The-DCE-Planner.pdf\">\n\t\t\t\t\t\t<span class=\"elementor-button-content-wrapper\">\n\t\t\t\t\t\t\t\t\t<span class=\"elementor-button-text\">CLICK TO DOWNLOAD DIGITAL CITIZENSHIP EDUCATION PLANNER<\/span>\n\t\t\t\t\t<\/span>\n\t\t\t\t\t<\/a>\n\t\t\t\t<\/div>\n\t\t\t\t\t\t\t\t<\/div>\n\t\t\t\t<\/div>\n\t\t\t\t\t<\/div>\n\t\t<\/div>\n\t\t\t\t\t<\/div>\n\t\t<\/section>\n\t\t\t\t<\/div>\n\t\t","protected":false},"excerpt":{"rendered":"<p>CLICK TO DOWNLOAD DIGITAL CITIZENSHIP EDUCATION PLANNER INTERIM PILOTING REPORT D\u0130J\u0130TAL VATANDA\u015eLIK E\u011e\u0130T\u0130M\u0130 PLANLAYICISINI \u0130ND\u0130RMEK \u0130\u00c7\u0130N TIKLAYINIZ CLICK TO DOWNLOAD DIGITAL CITIZENSHIP EDUCATION PLANNER<\/p>\n","protected":false},"author":1,"featured_media":0,"parent":0,"menu_order":0,"comment_status":"closed","ping_status":"closed","template":"","meta":{"footnotes":""},"_links":{"self":[{"href":"https:\/\/dceturkiye.eba.gov.tr\/index.php?rest_route=\/wp\/v2\/pages\/8383"}],"collection":[{"href":"https:\/\/dceturkiye.eba.gov.tr\/index.php?rest_route=\/wp\/v2\/pages"}],"about":[{"href":"https:\/\/dceturkiye.eba.gov.tr\/index.php?rest_route=\/wp\/v2\/types\/page"}],"author":[{"embeddable":true,"href":"https:\/\/dceturkiye.eba.gov.tr\/index.php?rest_route=\/wp\/v2\/users\/1"}],"replies":[{"embeddable":true,"href":"https:\/\/dceturkiye.eba.gov.tr\/index.php?rest_route=%2Fwp%2Fv2%2Fcomments&post=8383"}],"version-history":[{"count":13,"href":"https:\/\/dceturkiye.eba.gov.tr\/index.php?rest_route=\/wp\/v2\/pages\/8383\/revisions"}],"predecessor-version":[{"id":9032,"href":"https:\/\/dceturkiye.eba.gov.tr\/index.php?rest_route=\/wp\/v2\/pages\/8383\/revisions\/9032"}],"wp:attachment":[{"href":"https:\/\/dceturkiye.eba.gov.tr\/index.php?rest_route=%2Fwp%2Fv2%2Fmedia&parent=8383"}],"curies":[{"name":"wp","href":"https:\/\/api.w.org\/{rel}","templated":true}]}}